{"id":3771,"date":"2026-04-28T15:22:28","date_gmt":"2026-04-28T14:22:28","guid":{"rendered":"https:\/\/itpartner.si\/domov\/"},"modified":"2026-05-11T16:31:57","modified_gmt":"2026-05-11T15:31:57","slug":"domov","status":"publish","type":"page","link":"https:\/\/itpartner.si\/sl\/","title":{"rendered":"Domov"},"content":{"rendered":"\n<div class=\"wp-block-uagb-container uagb-block-0510ccec alignfull uagb-is-root-container\"><div class=\"uagb-container-inner-blocks-wrap\">\n<div class=\"wp-block-uagb-container uagb-block-5cb4b1bf\">\n<div class=\"wp-block-uagb-info-box uagb-block-7368a642 uagb-infobox__content-wrap  uagb-infobox-icon-above-title uagb-infobox-image-valign-top\"><div class=\"uagb-ifb-content\"><div class=\"uagb-ifb-title-wrap\"><h1 class=\"uagb-ifb-title\"><strong>IT re\u0161itve po meri za u\u010dinkovitej\u0161e poslovanje<\/strong>.<\/h1><\/div><p class=\"uagb-ifb-desc\">Microsoft CRM, SharePoint, spletne aplikacije, spletne strani in AI re\u0161itve za sodobna podjetja.<\/p><\/div><\/div>\n<\/div>\n<\/div><\/div>\n\n\n\n<div class=\"wp-block-uagb-container .uagb-ifb-desc {  text-align: justify; } uagb-block-da4fa9b8 alignfull uagb-is-root-container\"><div class=\"uagb-container-inner-blocks-wrap\">\n<div class=\"wp-block-uagb-advanced-heading uagb-block-c4252b01\"><h2 class=\"uagb-heading-text\">Na\u0161e storitve<\/h2><p class=\"uagb-desc-text\">Zagotavljamo prilagojene IT-re\u0161itve, ki podjetjem pomagajo povezovati sisteme, izbolj\u0161ati delovne procese ter rasti z varno, u\u010dinkovito in prilagodljivo tehnologijo.<\/p><\/div>\n\n\n\n<div class=\"wp-block-group mobile-stack is-horizontal is-content-justification-space-between is-nowrap is-layout-flex wp-container-core-group-is-layout-c253a1f4 wp-block-group-is-layout-flex\" style=\"padding-top:0;padding-bottom:0\">\n<div class=\"wp-block-uagb-container uagb-block-634ce2cb\">\n<div class=\"wp-block-uagb-info-box uagb-block-4112e884 uagb-infobox__content-wrap  uagb-infobox-icon-above-title uagb-infobox-image-valign-top obojestransko\"><div class=\"uagb-ifb-content\"><div class=\"uagb-ifb-title-wrap\"><h4 class=\"uagb-ifb-title\"><strong><strong><strong><strong>Microsoft CRM in SharePoint<\/strong><\/strong><\/strong><\/strong><\/h4><\/div><p class=\"uagb-ifb-desc\">Pomagamo vam urediti podatke, dokumente, prodajne procese in interno sodelovanje z Microsoft Dynamics CRM in SharePoint re\u0161itvami.<br><br><br><a href=\"https:\/\/itpartner.si\/resitve-za-microsoft-sisteme\/\" data-type=\"page\" data-id=\"3297\"><strong>Ve\u010d o storitvi<\/strong><\/a><\/p><\/div><\/div>\n<\/div>\n\n\n\n<div class=\"wp-block-uagb-container uagb-block-7e1ccc98\">\n<div class=\"wp-block-uagb-info-box uagb-block-1ea5a1ba uagb-infobox__content-wrap  uagb-infobox-icon-above-title uagb-infobox-image-valign-top\"><div class=\"uagb-ifb-content\"><div class=\"uagb-ifb-title-wrap\"><h4 class=\"uagb-ifb-title\"><strong><strong><strong><strong>Razvoj re\u0161itev po meri<\/strong><\/strong><\/strong><\/strong><\/h4><\/div><p class=\"uagb-ifb-desc\">Razvijamo spletne aplikacije, poslovne sisteme in integracije, prilagojene va\u0161emu na\u010dinu dela, obstoje\u010dim sistemom in dolgoro\u010dnim ciljem.<br><br><br><strong><a href=\"https:\/\/itpartner.si\/custom-solutions-2\/\" data-type=\"page\" data-id=\"3419\"><strong>Ve\u010d o storitvi<\/strong><\/a><\/strong><\/p><\/div><\/div>\n<\/div>\n\n\n\n<div class=\"wp-block-uagb-container uagb-block-d77b5568\">\n<div class=\"wp-block-uagb-info-box uagb-block-bf44e131 uagb-infobox__content-wrap  uagb-infobox-icon-above-title uagb-infobox-image-valign-top\"><div class=\"uagb-ifb-content\"><div class=\"uagb-ifb-title-wrap\"><h4 class=\"uagb-ifb-title\"><strong><strong>Spletne strani in trgovine<\/strong><\/strong><\/h4><\/div><p class=\"uagb-ifb-desc\">Izdelujemo sodobne, pregledne in odzivne spletne strani ter spletne trgovine, ki pomagajo predstaviti va\u0161o ponudbo in pridobivati nove stranke.<br><br><a href=\"https:\/\/itpartner.si\/spletne-resitve\/\" data-type=\"page\" data-id=\"3292\"><strong><strong>Ve\u010d o storitvi<\/strong><\/strong><\/a><\/p><\/div><\/div>\n<\/div>\n\n\n\n<div class=\"wp-block-uagb-container uagb-block-d8c2cee1\">\n<div class=\"wp-block-uagb-info-box uagb-block-e30e1ac6 uagb-infobox__content-wrap  uagb-infobox-icon-above-title uagb-infobox-image-valign-top\"><div class=\"uagb-ifb-content\"><div class=\"uagb-ifb-title-wrap\"><h4 class=\"uagb-ifb-title\"><strong><strong><strong><strong><strong>AI re\u0161itve in optimizacija<\/strong><\/strong><\/strong><\/strong><\/strong><\/h4><\/div><p class=\"uagb-ifb-desc\">Z AI in tehni\u010dno optimizacijo izbolj\u0161amo delovanje spletnih strani, podatkovnih baz in e-po\u0161tnih procesov ter zmanj\u0161amo ponavljajo\u010de se ro\u010dno delo.<br><br><a href=\"https:\/\/itpartner.si\/ai-resitve\/\" data-type=\"page\" data-id=\"3576\"><strong><strong>Ve\u010d o storitvi<\/strong><\/strong><\/a><\/p><\/div><\/div>\n<\/div>\n<\/div>\n<\/div><\/div>\n\n\n\n<div class=\"wp-block-uagb-container uagb-block-7b830887 alignfull uagb-is-root-container\"><div class=\"uagb-container-inner-blocks-wrap\">\n<div class=\"wp-block-uagb-advanced-heading uagb-block-7e93cecd\"><h2 class=\"uagb-heading-text\"><strong><strong>Kaj ponujamo?<\/strong><\/strong><\/h2><\/div>\n\n\n\n<div class=\"wp-block-uagb-container .uagb-ifb-desc {  text-align: justify; } uagb-block-44e3adf1\">\n<div class=\"wp-block-group mobile-stack is-horizontal is-content-justification-space-between is-nowrap is-layout-flex wp-container-core-group-is-layout-c253a1f4 wp-block-group-is-layout-flex\" style=\"padding-top:0;padding-bottom:0\">\n<div class=\"wp-block-uagb-container uagb-block-5e182ee5\">\n<div class=\"wp-block-uagb-info-box uagb-block-e9dd1201 uagb-infobox__content-wrap  uagb-infobox-icon-above-title uagb-infobox-image-valign-top obojestransko\"><div class=\"uagb-ifb-content\"><div class=\"uagb-ifb-icon-wrap\"><svg xmlns=\"https:\/\/www.w3.org\/2000\/svg\" viewBox=\"0 0 448 512\"><path d=\"M0 32h214.6v214.6H0V32zm233.4 0H448v214.6H233.4V32zM0 265.4h214.6V480H0V265.4zm233.4 0H448V480H233.4V265.4z\"><\/path><\/svg><\/div><div class=\"uagb-ifb-title-wrap\"><h4 class=\"uagb-ifb-title\"><strong><strong><strong>Kako lahko va\u0161e podjetje u\u010dinkoviteje upravlja podatke?<\/strong><\/strong><\/strong><\/h4><\/div><p class=\"uagb-ifb-desc\">Z re\u0161itvami Microsoft CRM in SharePoint lahko va\u0161e podjetje u\u010dinkoviteje organizira podatke, izbolj\u0161a upravljanje dokumentov ter omogo\u010di hitrej\u0161e, preglednej\u0161e in bolj povezano sodelovanje ekipe.<br><br><a href=\"https:\/\/itpartner.si\/resitve-za-microsoft-sisteme\/\" data-type=\"page\" data-id=\"3297\"><strong>Ve\u010d o storitvi<\/strong><\/a><\/p><\/div><\/div>\n<\/div>\n\n\n\n<div class=\"wp-block-uagb-container uagb-block-cb36fece\">\n<div class=\"wp-block-uagb-info-box uagb-block-466eec14 uagb-infobox__content-wrap  uagb-infobox-icon-above-title uagb-infobox-image-valign-top\"><div class=\"uagb-ifb-content\"><div class=\"uagb-ifb-icon-wrap\"><svg xmlns=\"https:\/\/www.w3.org\/2000\/svg\" viewBox=\"0 0 512 512\"><path d=\"M512 288c0 35.35-21.49 64-48 64c-32.43 0-31.72-32-55.64-32C394.9 320 384 330.9 384 344.4V480c0 17.67-14.33 32-32 32h-71.64C266.9 512 256 501.1 256 487.6C256 463.1 288 464.4 288 432c0-26.51-28.65-48-64-48s-64 21.49-64 48c0 32.43 32 31.72 32 55.64C192 501.1 181.1 512 167.6 512H32c-17.67 0-32-14.33-32-32v-135.6C0 330.9 10.91 320 24.36 320C48.05 320 47.6 352 80 352C106.5 352 128 323.3 128 288S106.5 223.1 80 223.1c-32.43 0-31.72 32-55.64 32C10.91 255.1 0 245.1 0 231.6v-71.64c0-17.67 14.33-31.1 32-31.1h135.6C181.1 127.1 192 117.1 192 103.6c0-23.69-32-23.24-32-55.64c0-26.51 28.65-47.1 64-47.1s64 21.49 64 47.1c0 32.43-32 31.72-32 55.64c0 13.45 10.91 24.36 24.36 24.36H352c17.67 0 32 14.33 32 31.1v71.64c0 13.45 10.91 24.36 24.36 24.36c23.69 0 23.24-32 55.64-32C490.5 223.1 512 252.7 512 288z\"><\/path><\/svg><\/div><div class=\"uagb-ifb-title-wrap\"><h4 class=\"uagb-ifb-title\"><strong><strong><strong>Kako lahko prilagojene digitalne re\u0161itve izbolj\u0161ajo va\u0161e poslovanje?<\/strong><\/strong><\/strong><\/h4><\/div><p class=\"uagb-ifb-desc\">Prilagojene digitalne re\u0161itve va\u0161emu podjetju pomagajo povezati obstoje\u010de sisteme, poenostaviti vsakodnevne procese ter ustvariti re\u0161itve, prilagojene va\u0161im ciljem, na\u010dinu dela in dolgoro\u010dni rasti.<br><br><strong><a href=\"https:\/\/itpartner.si\/custom-solutions-2\/\" data-type=\"page\" data-id=\"3419\"><strong>Ve\u010d o storitvi<\/strong><br><\/a><\/strong><\/p><\/div><\/div>\n<\/div>\n\n\n\n<div class=\"wp-block-uagb-container uagb-block-016ba62c\">\n<div class=\"wp-block-uagb-info-box uagb-block-6419cc0a uagb-infobox__content-wrap  uagb-infobox-icon-above-title uagb-infobox-image-valign-top\"><div class=\"uagb-ifb-content\"><div class=\"uagb-ifb-icon-wrap\"><svg xmlns=\"https:\/\/www.w3.org\/2000\/svg\" viewBox=\"0 0 640 512\"><path d=\"M400 32C426.5 32 448 53.49 448 80V336C448 362.5 426.5 384 400 384H266.7L277.3 416H352C369.7 416 384 430.3 384 448C384 465.7 369.7 480 352 480H96C78.33 480 64 465.7 64 448C64 430.3 78.33 416 96 416H170.7L181.3 384H48C21.49 384 0 362.5 0 336V80C0 53.49 21.49 32 48 32H400zM64 96V320H384V96H64zM592 32C618.5 32 640 53.49 640 80V432C640 458.5 618.5 480 592 480H528C501.5 480 480 458.5 480 432V80C480 53.49 501.5 32 528 32H592zM544 96C535.2 96 528 103.2 528 112C528 120.8 535.2 128 544 128H576C584.8 128 592 120.8 592 112C592 103.2 584.8 96 576 96H544zM544 192H576C584.8 192 592 184.8 592 176C592 167.2 584.8 160 576 160H544C535.2 160 528 167.2 528 176C528 184.8 535.2 192 544 192zM560 400C577.7 400 592 385.7 592 368C592 350.3 577.7 336 560 336C542.3 336 528 350.3 528 368C528 385.7 542.3 400 560 400z\"><\/path><\/svg><\/div><div class=\"uagb-ifb-title-wrap\"><h4 class=\"uagb-ifb-title\"><strong>Ali va\u0161a spletna stran spodbuja rast va\u0161ega podjetja \u2014 ali jo omejuje?<\/strong><\/h4><\/div><p class=\"uagb-ifb-desc\">Sodobna spletna stran va\u0161emu podjetju pomaga ustvariti odli\u010den prvi vtis, izbolj\u0161ati uporabni\u0161ko izku\u0161njo ter podpirati rast z odzivno in uporabniku prijazno zasnovo.<br><br><br><a href=\"https:\/\/itpartner.si\/spletne-resitve\/\" data-type=\"page\" data-id=\"3292\"><strong><strong>Ve\u010d o storitvi<\/strong><\/strong><\/a><\/p><\/div><\/div>\n<\/div>\n\n\n\n<div class=\"wp-block-uagb-container uagb-block-63938b51\">\n<div class=\"wp-block-uagb-info-box uagb-block-d9f378de uagb-infobox__content-wrap  uagb-infobox-icon-above-title uagb-infobox-image-valign-top\"><div class=\"uagb-ifb-content\"><div class=\"uagb-ifb-icon-wrap\"><svg xmlns=\"https:\/\/www.w3.org\/2000\/svg\" viewBox=\"0 0 576 512\"><path d=\"M381.2 150.3L524.9 171.5C536.8 173.2 546.8 181.6 550.6 193.1C554.4 204.7 551.3 217.3 542.7 225.9L438.5 328.1L463.1 474.7C465.1 486.7 460.2 498.9 450.2 506C440.3 513.1 427.2 514 416.5 508.3L288.1 439.8L159.8 508.3C149 514 135.9 513.1 126 506C116.1 498.9 111.1 486.7 113.2 474.7L137.8 328.1L33.58 225.9C24.97 217.3 21.91 204.7 25.69 193.1C29.46 181.6 39.43 173.2 51.42 171.5L195 150.3L259.4 17.97C264.7 6.954 275.9-.0391 288.1-.0391C300.4-.0391 311.6 6.954 316.9 17.97L381.2 150.3z\"><\/path><\/svg><\/div><div class=\"uagb-ifb-title-wrap\"><h4 class=\"uagb-ifb-title\"><strong><strong><strong><strong>Kako lahko umetna inteligenca izbolj\u0161a va\u0161e poslovne procese?<\/strong><\/strong><\/strong><\/strong><\/h4><\/div><p class=\"uagb-ifb-desc\">Z uporabo umetne inteligence lahko va\u0161e podjetje izbolj\u0161a delovanje spletne strani, optimizira upravljanje podatkov ter avtomatizira opravila za ve\u010djo u\u010dinkovitost poslovanja.<br><br><a href=\"https:\/\/itpartner.si\/ai-resitve\/\" data-type=\"page\" data-id=\"3576\"><strong><strong>Ve\u010d o storitvi<\/strong><\/strong><\/a><\/p><\/div><\/div>\n<\/div>\n<\/div>\n<\/div>\n<\/div><\/div>\n","protected":false},"excerpt":{"rendered":"<p>Na\u0161e storitve Zagotavljamo prilagojene IT-re\u0161itve, ki podjetjem pomagajo povezovati sisteme, izbolj\u0161ati delovne procese ter rasti z varno, u\u010dinkovito in prilagodljivo tehnologijo. Kaj ponujamo?<\/p>\n","protected":false},"author":1,"featured_media":0,"parent":0,"menu_order":0,"comment_status":"closed","ping_status":"closed","template":"","meta":{"_uag_custom_page_level_css":"","site-sidebar-layout":"no-sidebar","site-content-layout":"page-builder","ast-site-content-layout":"full-width-container","site-content-style":"unboxed","site-sidebar-style":"unboxed","ast-global-header-display":"","ast-banner-title-visibility":"","ast-main-header-display":"","ast-hfb-above-header-display":"","ast-hfb-below-header-display":"","ast-hfb-mobile-header-display":"","site-post-title":"disabled","ast-breadcrumbs-content":"","ast-featured-img":"disabled","footer-sml-layout":"","ast-disable-related-posts":"","theme-transparent-header-meta":"enabled","adv-header-id-meta":"","stick-header-meta":"","header-above-stick-meta":"","header-main-stick-meta":"","header-below-stick-meta":"","astra-migrate-meta-layouts":"set","ast-page-background-enabled":"default","ast-page-background-meta":{"desktop":{"background-color":"","background-image":"","background-repeat":"repeat","background-position":"center center","background-size":"auto","background-attachment":"scroll","background-type":"","background-media":"","overlay-type":"","overlay-color":"","overlay-opacity":"","overlay-gradient":""},"tablet":{"background-color":"","background-image":"","background-repeat":"repeat","background-position":"center center","background-size":"auto","background-attachment":"scroll","background-type":"","background-media":"","overlay-type":"","overlay-color":"","overlay-opacity":"","overlay-gradient":""},"mobile":{"background-color":"","background-image":"","background-repeat":"repeat","background-position":"center center","background-size":"auto","background-attachment":"scroll","background-type":"","background-media":"","overlay-type":"","overlay-color":"","overlay-opacity":"","overlay-gradient":""}},"ast-content-background-meta":{"desktop":{"background-color":"var(--ast-global-color-5)","background-image":"","background-repeat":"repeat","background-position":"center center","background-size":"auto","background-attachment":"scroll","background-type":"","background-media":"","overlay-type":"","overlay-color":"","overlay-opacity":"","overlay-gradient":""},"tablet":{"background-color":"var(--ast-global-color-5)","background-image":"","background-repeat":"repeat","background-position":"center center","background-size":"auto","background-attachment":"scroll","background-type":"","background-media":"","overlay-type":"","overlay-color":"","overlay-opacity":"","overlay-gradient":""},"mobile":{"background-color":"var(--ast-global-color-5)","background-image":"","background-repeat":"repeat","background-position":"center center","background-size":"auto","background-attachment":"scroll","background-type":"","background-media":"","overlay-type":"","overlay-color":"","overlay-opacity":"","overlay-gradient":""}},"footnotes":""},"class_list":["post-3771","page","type-page","status-publish","hentry"],"uagb_featured_image_src":{"full":false,"thumbnail":false,"medium":false,"medium_large":false,"large":false,"1536x1536":false,"2048x2048":false},"uagb_author_info":{"display_name":"itpartner1625","author_link":"https:\/\/itpartner.si\/sl\/author\/itpartner1625\/"},"uagb_comment_info":0,"uagb_excerpt":"Na\u0161e storitve Zagotavljamo prilagojene IT-re\u0161itve, ki podjetjem pomagajo povezovati sisteme, izbolj\u0161ati delovne procese ter rasti z varno, u\u010dinkovito in prilagodljivo tehnologijo. Kaj ponujamo?","_links":{"self":[{"href":"https:\/\/itpartner.si\/sl\/wp-json\/wp\/v2\/pages\/3771","targetHints":{"allow":["GET"]}}],"collection":[{"href":"https:\/\/itpartner.si\/sl\/wp-json\/wp\/v2\/pages"}],"about":[{"href":"https:\/\/itpartner.si\/sl\/wp-json\/wp\/v2\/types\/page"}],"author":[{"embeddable":true,"href":"https:\/\/itpartner.si\/sl\/wp-json\/wp\/v2\/users\/1"}],"replies":[{"embeddable":true,"href":"https:\/\/itpartner.si\/sl\/wp-json\/wp\/v2\/comments?post=3771"}],"version-history":[{"count":32,"href":"https:\/\/itpartner.si\/sl\/wp-json\/wp\/v2\/pages\/3771\/revisions"}],"predecessor-version":[{"id":4008,"href":"https:\/\/itpartner.si\/sl\/wp-json\/wp\/v2\/pages\/3771\/revisions\/4008"}],"wp:attachment":[{"href":"https:\/\/itpartner.si\/sl\/wp-json\/wp\/v2\/media?parent=3771"}],"curies":[{"name":"wp","href":"https:\/\/api.w.org\/{rel}","templated":true}]}}