{"id":3867,"date":"2026-05-04T12:52:48","date_gmt":"2026-05-04T11:52:48","guid":{"rendered":"https:\/\/itpartner.si\/resitve-po-meri\/"},"modified":"2026-05-11T15:09:48","modified_gmt":"2026-05-11T14:09:48","slug":"resitve-po-meri","status":"publish","type":"page","link":"https:\/\/itpartner.si\/sl\/resitve-po-meri\/","title":{"rendered":"Re\u0161itve po meri"},"content":{"rendered":"\n<div class=\"wp-block-uagb-container uagb-block-78fbda14 alignfull uagb-is-root-container\"><div class=\"uagb-container-inner-blocks-wrap\">\n<div class=\"wp-block-uagb-info-box uagb-block-38b626f9 uagb-infobox__content-wrap  uagb-infobox-icon-above-title uagb-infobox-image-valign-top\"><div class=\"uagb-ifb-content\"><div class=\"uagb-ifb-title-wrap\"><h1 class=\"uagb-ifb-title-prefix\">Re\u0161itve po meri<\/h1><\/div><\/div><\/div>\n<\/div><\/div>\n\n\n\n<div class=\"wp-block-uagb-container uagb-block-0682ea1d alignfull uagb-is-root-container\"><div class=\"uagb-container-inner-blocks-wrap\">\n<div class=\"wp-block-uagb-container uagb-block-d904cbea\">\n<div class=\"wp-block-uagb-container uagb-block-37158dbe\">\n<div class=\"wp-block-uagb-info-box uagb-block-1d62cba7 uagb-infobox__content-wrap  uagb-infobox-icon-above-title uagb-infobox-image-valign-top\"><div class=\"uagb-ifb-content\"><div class=\"uagb-ifb-title-wrap\"><div class=\"uagb-ifb-separator\"><\/div><h3 class=\"uagb-ifb-title\">ITP razvojno ogrodje (JS, PHP, MySQL)<\/h3><\/div><\/div><\/div>\n\n\n\n<div class=\"wp-block-uagb-icon-list uagb-block-5298df66\"><div class=\"uagb-icon-list__wrap\">\n<div class=\"wp-block-uagb-icon-list-child uagb-block-3d9b3c82\"><a target=\"_self\" aria-label=\"Custom web applications\" rel=\"noopener noreferrer\" href=\"#\"> <\/a><span class=\"uagb-icon-list__source-wrap\"><svg xmlns=\"https:\/\/www.w3.org\/2000\/svg\" viewBox=\"0 0 256 512\"><path d=\"M118.6 105.4l128 127.1C252.9 239.6 256 247.8 256 255.1s-3.125 16.38-9.375 22.63l-128 127.1c-9.156 9.156-22.91 11.9-34.88 6.943S64 396.9 64 383.1V128c0-12.94 7.781-24.62 19.75-29.58S109.5 96.23 118.6 105.4z\"><\/path><\/svg><\/span><span class=\"uagb-icon-list__label\">Custom web applications<\/span><\/div>\n\n\n\n<div class=\"wp-block-uagb-icon-list-child uagb-block-2cda629f\"><a target=\"_self\" aria-label=\"JS, PHP &amp; MySQL\" rel=\"noopener noreferrer\" href=\"#\"> <\/a><span class=\"uagb-icon-list__source-wrap\"><svg xmlns=\"https:\/\/www.w3.org\/2000\/svg\" viewBox=\"0 0 256 512\"><path d=\"M118.6 105.4l128 127.1C252.9 239.6 256 247.8 256 255.1s-3.125 16.38-9.375 22.63l-128 127.1c-9.156 9.156-22.91 11.9-34.88 6.943S64 396.9 64 383.1V128c0-12.94 7.781-24.62 19.75-29.58S109.5 96.23 118.6 105.4z\"><\/path><\/svg><\/span><span class=\"uagb-icon-list__label\">JS, PHP &amp; MySQL<\/span><\/div>\n\n\n\n<div class=\"wp-block-uagb-icon-list-child uagb-block-b2644837\"><a target=\"_self\" aria-label=\"Cloud-based solutions\" rel=\"noopener noreferrer\" href=\"#\"> <\/a><span class=\"uagb-icon-list__source-wrap\"><svg xmlns=\"https:\/\/www.w3.org\/2000\/svg\" viewBox=\"0 0 256 512\"><path d=\"M118.6 105.4l128 127.1C252.9 239.6 256 247.8 256 255.1s-3.125 16.38-9.375 22.63l-128 127.1c-9.156 9.156-22.91 11.9-34.88 6.943S64 396.9 64 383.1V128c0-12.94 7.781-24.62 19.75-29.58S109.5 96.23 118.6 105.4z\"><\/path><\/svg><\/span><span class=\"uagb-icon-list__label\">Cloud-based solutions<\/span><\/div>\n\n\n\n<div class=\"wp-block-uagb-icon-list-child uagb-block-81cbbd2a\"><a target=\"_self\" aria-label=\"Business process support\" rel=\"noopener noreferrer\" href=\"#\"> <\/a><span class=\"uagb-icon-list__source-wrap\"><svg xmlns=\"https:\/\/www.w3.org\/2000\/svg\" viewBox=\"0 0 256 512\"><path d=\"M118.6 105.4l128 127.1C252.9 239.6 256 247.8 256 255.1s-3.125 16.38-9.375 22.63l-128 127.1c-9.156 9.156-22.91 11.9-34.88 6.943S64 396.9 64 383.1V128c0-12.94 7.781-24.62 19.75-29.58S109.5 96.23 118.6 105.4z\"><\/path><\/svg><\/span><span class=\"uagb-icon-list__label\">Business process support<\/span><\/div>\n<\/div><\/div>\n<\/div>\n\n\n\n<div class=\"wp-block-uagb-container uagb-block-75bd7c61\">\n<div class=\"wp-block-uagb-info-box uagb-block-4eb4800b uagb-infobox__content-wrap  uagb-infobox-icon-above-title uagb-infobox-image-valign-top\"><div class=\"uagb-ifb-content\"><div class=\"uagb-ifb-title-wrap\"><div class=\"uagb-ifb-separator\"><\/div><h3 class=\"uagb-ifb-title\">Nadgradnja obstoje\u010dih aplikacij<\/h3><\/div><\/div><\/div>\n\n\n\n<div class=\"wp-block-uagb-icon-list uagb-block-52b4d1ea\"><div class=\"uagb-icon-list__wrap\">\n<div class=\"wp-block-uagb-icon-list-child uagb-block-43967be9\"><a target=\"_self\" aria-label=\"System upgrades\" rel=\"noopener noreferrer\" href=\"#\"> <\/a><span class=\"uagb-icon-list__source-wrap\"><svg xmlns=\"https:\/\/www.w3.org\/2000\/svg\" viewBox=\"0 0 256 512\"><path d=\"M118.6 105.4l128 127.1C252.9 239.6 256 247.8 256 255.1s-3.125 16.38-9.375 22.63l-128 127.1c-9.156 9.156-22.91 11.9-34.88 6.943S64 396.9 64 383.1V128c0-12.94 7.781-24.62 19.75-29.58S109.5 96.23 118.6 105.4z\"><\/path><\/svg><\/span><span class=\"uagb-icon-list__label\">System upgrades<\/span><\/div>\n\n\n\n<div class=\"wp-block-uagb-icon-list-child uagb-block-0b79edc1\"><a target=\"_self\" aria-label=\"App optimization\" rel=\"noopener noreferrer\" href=\"#\"> <\/a><span class=\"uagb-icon-list__source-wrap\"><svg xmlns=\"https:\/\/www.w3.org\/2000\/svg\" viewBox=\"0 0 256 512\"><path d=\"M118.6 105.4l128 127.1C252.9 239.6 256 247.8 256 255.1s-3.125 16.38-9.375 22.63l-128 127.1c-9.156 9.156-22.91 11.9-34.88 6.943S64 396.9 64 383.1V128c0-12.94 7.781-24.62 19.75-29.58S109.5 96.23 118.6 105.4z\"><\/path><\/svg><\/span><span class=\"uagb-icon-list__label\">App optimization<\/span><\/div>\n\n\n\n<div class=\"wp-block-uagb-icon-list-child uagb-block-2dd5105c\"><a target=\"_self\" aria-label=\"Data migration\" rel=\"noopener noreferrer\" href=\"#\"> <\/a><span class=\"uagb-icon-list__source-wrap\"><svg xmlns=\"https:\/\/www.w3.org\/2000\/svg\" viewBox=\"0 0 256 512\"><path d=\"M118.6 105.4l128 127.1C252.9 239.6 256 247.8 256 255.1s-3.125 16.38-9.375 22.63l-128 127.1c-9.156 9.156-22.91 11.9-34.88 6.943S64 396.9 64 383.1V128c0-12.94 7.781-24.62 19.75-29.58S109.5 96.23 118.6 105.4z\"><\/path><\/svg><\/span><span class=\"uagb-icon-list__label\">Data migration<\/span><\/div>\n\n\n\n<div class=\"wp-block-uagb-icon-list-child uagb-block-27a03638\"><a target=\"_self\" aria-label=\"Process improvements\" rel=\"noopener noreferrer\" href=\"#\"> <\/a><span class=\"uagb-icon-list__source-wrap\"><svg xmlns=\"https:\/\/www.w3.org\/2000\/svg\" viewBox=\"0 0 256 512\"><path d=\"M118.6 105.4l128 127.1C252.9 239.6 256 247.8 256 255.1s-3.125 16.38-9.375 22.63l-128 127.1c-9.156 9.156-22.91 11.9-34.88 6.943S64 396.9 64 383.1V128c0-12.94 7.781-24.62 19.75-29.58S109.5 96.23 118.6 105.4z\"><\/path><\/svg><\/span><span class=\"uagb-icon-list__label\">Process improvements<\/span><\/div>\n<\/div><\/div>\n<\/div>\n\n\n\n<div class=\"wp-block-uagb-container uagb-block-bb6ae8ac\">\n<div class=\"wp-block-uagb-info-box uagb-block-4f0b567b uagb-infobox__content-wrap  uagb-infobox-icon-above-title uagb-infobox-image-valign-top\"><div class=\"uagb-ifb-content\"><div class=\"uagb-ifb-title-wrap\"><div class=\"uagb-ifb-separator\"><\/div><h3 class=\"uagb-ifb-title\">Razvoj mobilnih aplikacij za Android in iOS<\/h3><\/div><\/div><\/div>\n\n\n\n<div class=\"wp-block-uagb-icon-list uagb-block-0df84fb5\"><div class=\"uagb-icon-list__wrap\">\n<div class=\"wp-block-uagb-icon-list-child uagb-block-e0950454\"><a target=\"_self\" aria-label=\"Android applications\" rel=\"noopener noreferrer\" href=\"#\"> <\/a><span class=\"uagb-icon-list__source-wrap\"><svg xmlns=\"https:\/\/www.w3.org\/2000\/svg\" viewBox=\"0 0 256 512\"><path d=\"M118.6 105.4l128 127.1C252.9 239.6 256 247.8 256 255.1s-3.125 16.38-9.375 22.63l-128 127.1c-9.156 9.156-22.91 11.9-34.88 6.943S64 396.9 64 383.1V128c0-12.94 7.781-24.62 19.75-29.58S109.5 96.23 118.6 105.4z\"><\/path><\/svg><\/span><span class=\"uagb-icon-list__label\">Android applications<\/span><\/div>\n\n\n\n<div class=\"wp-block-uagb-icon-list-child uagb-block-110e683d\"><a target=\"_self\" aria-label=\"iOS applications\" rel=\"noopener noreferrer\" href=\"#\"> <\/a><span class=\"uagb-icon-list__source-wrap\"><svg xmlns=\"https:\/\/www.w3.org\/2000\/svg\" viewBox=\"0 0 256 512\"><path d=\"M118.6 105.4l128 127.1C252.9 239.6 256 247.8 256 255.1s-3.125 16.38-9.375 22.63l-128 127.1c-9.156 9.156-22.91 11.9-34.88 6.943S64 396.9 64 383.1V128c0-12.94 7.781-24.62 19.75-29.58S109.5 96.23 118.6 105.4z\"><\/path><\/svg><\/span><span class=\"uagb-icon-list__label\">iOS applications<\/span><\/div>\n\n\n\n<div class=\"wp-block-uagb-icon-list-child uagb-block-974a5bc0\"><a target=\"_self\" aria-label=\"Cloud integration\" rel=\"noopener noreferrer\" href=\"#\"> <\/a><span class=\"uagb-icon-list__source-wrap\"><svg xmlns=\"https:\/\/www.w3.org\/2000\/svg\" viewBox=\"0 0 256 512\"><path d=\"M118.6 105.4l128 127.1C252.9 239.6 256 247.8 256 255.1s-3.125 16.38-9.375 22.63l-128 127.1c-9.156 9.156-22.91 11.9-34.88 6.943S64 396.9 64 383.1V128c0-12.94 7.781-24.62 19.75-29.58S109.5 96.23 118.6 105.4z\"><\/path><\/svg><\/span><span class=\"uagb-icon-list__label\">Cloud integration<\/span><\/div>\n\n\n\n<div class=\"wp-block-uagb-icon-list-child uagb-block-21e9cff0\"><a target=\"_self\" aria-label=\"Mobile business tools\" rel=\"noopener noreferrer\" href=\"#\"> <\/a><span class=\"uagb-icon-list__source-wrap\"><svg xmlns=\"https:\/\/www.w3.org\/2000\/svg\" viewBox=\"0 0 256 512\"><path d=\"M118.6 105.4l128 127.1C252.9 239.6 256 247.8 256 255.1s-3.125 16.38-9.375 22.63l-128 127.1c-9.156 9.156-22.91 11.9-34.88 6.943S64 396.9 64 383.1V128c0-12.94 7.781-24.62 19.75-29.58S109.5 96.23 118.6 105.4z\"><\/path><\/svg><\/span><span class=\"uagb-icon-list__label\">Mobile business tools<\/span><\/div>\n<\/div><\/div>\n<\/div>\n<\/div>\n<\/div><\/div>\n\n\n\n<div class=\"wp-block-uagb-container uagb-block-4e055757 alignfull uagb-is-root-container\"><div class=\"uagb-container-inner-blocks-wrap\">\n<div class=\"wp-block-uagb-container uagb-block-f9dbfcfe\">\n<div class=\"wp-block-group is-layout-constrained wp-container-core-group-is-layout-4bcd944c wp-block-group-is-layout-constrained\" style=\"padding-right:var(--wp--preset--spacing--30);padding-left:var(--wp--preset--spacing--30)\">\n<h2 class=\"wp-block-heading\">ITP razvojno ogrodje (JavaScript, PHP, MySQL)<\/h2>\n\n\n\n<p class=\"myjustify\">Razvijamo <strong>spletne aplikacije po naro\u010dilu<\/strong>, ki temeljijo na <strong>JavaScriptu, PHP-ju in MySQL-u<\/strong> ter so prilagojene specifi\u010dnim potrebam vsakega podjetja.<\/p>\n\n\n\n<ul class=\"wp-block-list\">\n<li><strong>Poslovna analiza in svetovanje<\/strong> pred razvojem<\/li>\n\n\n\n<li><strong>Razvoj aplikacij po naro\u010dilu<\/strong> glede na zahteve podjetja<\/li>\n\n\n\n<li><strong>Odprte tehnologije<\/strong> za prilagodljive in stro\u0161kovno u\u010dinkovite re\u0161itve<\/li>\n\n\n\n<li>I<strong>ntegracija z obstoje\u010dimi sistemi<\/strong> in poslovnimi procesi<\/li>\n\n\n\n<li><strong>Testiranje, uvedba, vzdr\u017eevanje in podpora<\/strong><\/li>\n\n\n\n<li class=\"myjustify\"><strong>Optimizacija procesov<\/strong> za izbolj\u0161anje u\u010dinkovitosti in vsakodnevnega poslovanja<\/li>\n<\/ul>\n<\/div>\n\n\n\n<div class=\"wp-block-uagb-image uagb-block-d443ca57 wp-block-uagb-image--layout-default wp-block-uagb-image--effect-static wp-block-uagb-image--align-none\"><figure class=\"wp-block-uagb-image__figure\"><img decoding=\"async\" srcset=\"https:\/\/itpartner.si\/wp-content\/uploads\/2026\/05\/ITP_framework-1024x1024.jpg ,https:\/\/itpartner.si\/wp-content\/uploads\/2026\/05\/ITP_framework.jpg 780w, https:\/\/itpartner.si\/wp-content\/uploads\/2026\/05\/ITP_framework.jpg 360w\" sizes=\"auto, (max-width: 480px) 150px\" src=\"https:\/\/itpartner.si\/wp-content\/uploads\/2026\/05\/ITP_framework-1024x1024.jpg\" alt=\"\" class=\"uag-image-3834\" width=\"500\" height=\"500\" title=\"ITP_framework\" loading=\"lazy\" role=\"img\"\/><\/figure><\/div>\n<\/div>\n\n\n\n<hr class=\"wp-block-separator has-alpha-channel-opacity is-style-wide\" style=\"margin-top:var(--wp--preset--spacing--80);margin-bottom:var(--wp--preset--spacing--80)\"\/>\n\n\n\n<div class=\"wp-block-uagb-container uagb-block-37a84e22 alignfull uagb-is-root-container\"><div class=\"uagb-container-inner-blocks-wrap\">\n<div class=\"wp-block-group mobile-row-stack mobile-text-first is-nowrap is-layout-flex wp-container-core-group-is-layout-6c531013 wp-block-group-is-layout-flex\">\n<div class=\"wp-block-uagb-image uagb-block-b3c6cb9d wp-block-uagb-image--layout-default wp-block-uagb-image--effect-static wp-block-uagb-image--align-none image-part\"><figure class=\"wp-block-uagb-image__figure\"><img decoding=\"async\" srcset=\"https:\/\/itpartner.si\/wp-content\/uploads\/2026\/05\/improving_existing_applications-1024x1024.jpg ,https:\/\/itpartner.si\/wp-content\/uploads\/2026\/05\/improving_existing_applications.jpg 780w, https:\/\/itpartner.si\/wp-content\/uploads\/2026\/05\/improving_existing_applications.jpg 360w\" sizes=\"auto, (max-width: 480px) 150px\" src=\"https:\/\/itpartner.si\/wp-content\/uploads\/2026\/05\/improving_existing_applications-1024x1024.jpg\" alt=\"\" class=\"uag-image-3835\" width=\"500\" height=\"500\" title=\"improving_existing_applications\" loading=\"lazy\" role=\"img\"\/><\/figure><\/div>\n\n\n\n<div class=\"wp-block-uagb-container uagb-block-807ed5fb\">\n<div class=\"wp-block-group text-part is-layout-constrained wp-container-core-group-is-layout-054e74e4 wp-block-group-is-layout-constrained\" style=\"margin-top:0;margin-bottom:0;padding-right:var(--wp--preset--spacing--30);padding-left:var(--wp--preset--spacing--30)\">\n<h2 class=\"wp-block-heading\">Improving Existing Applications<\/h2>\n\n\n\n<p class=\"myjustify\">Izbolj\u0161ujemo in nadgrajujemo obstoje\u010de aplikacije, da postanejo <strong>u\u010dinkovitej\u0161e, zanesljivej\u0161e in enostavnej\u0161e za uporabo.<\/strong><\/p>\n\n\n\n<ul class=\"wp-block-list\">\n<li><strong>Tehni\u010dna analiza <\/strong>obstoje\u010dih aplikacij in sistemov<\/li>\n\n\n\n<li><strong>Optimizacija delovanja<\/strong> za hitrej\u0161e in stabilnej\u0161e delovanje<\/li>\n\n\n\n<li><strong>Migracija in sinhronizacija<\/strong> z drugimi obstoje\u010dimi aplikacijami<\/li>\n\n\n\n<li><strong>Izbolj\u0161ave delovnih tokov<\/strong> in bolj\u0161a podpora poslovnim procesom<\/li>\n\n\n\n<li><strong>Testiranje in odpravljanje napak<\/strong> za izbolj\u0161anje funkcionalnosti<\/li>\n\n\n\n<li><strong>Dolgoro\u010dno vzdr\u017eevanje in tehni\u010dna podpora<\/strong><\/li>\n<\/ul>\n<\/div>\n<\/div>\n<\/div>\n<\/div><\/div>\n\n\n\n<hr class=\"wp-block-separator has-alpha-channel-opacity is-style-wide\" style=\"margin-top:var(--wp--preset--spacing--80);margin-bottom:var(--wp--preset--spacing--80)\"\/>\n\n\n\n<div class=\"wp-block-uagb-container uagb-block-545d73d2\">\n<div class=\"wp-block-group is-layout-constrained wp-container-core-group-is-layout-4bcd944c wp-block-group-is-layout-constrained\" style=\"padding-right:var(--wp--preset--spacing--30);padding-left:var(--wp--preset--spacing--30)\">\n<h2 class=\"wp-block-heading\">Razvoj mobilnih aplikacij za Android in iOS<\/h2>\n\n\n\n<p class=\"myjustify\">Razvijamo <strong>mobilne aplikacije za Android in iOS,<\/strong> ki so prilagojene poslovnim potrebam in povezane<strong> s storitvami v oblaku.<\/strong><\/p>\n\n\n\n<ul class=\"wp-block-list\">\n<li><strong>Razvoj mobilnih aplikacij po naro\u010dilu<\/strong> za poslovno uporabo<\/li>\n\n\n\n<li><strong>Re\u0161itve za Android in iOS,<\/strong> prilagojene razli\u010dnim uporabnikom<\/li>\n\n\n\n<li><strong>Integracija storitev v oblaku<\/strong> za la\u017eji dostop do podatkov<\/li>\n\n\n\n<li><strong>Mobilni dostop<\/strong> do pomembnih orodij, storitev in informacij<\/li>\n\n\n\n<li><strong><strong>Uporabniku prijazno oblikovanje<\/strong> za bolj\u0161o mobilno izku\u0161njo<\/strong><\/li>\n\n\n\n<li><strong>Testiranje, uvedba, podpora in nadgradnje<\/strong><\/li>\n<\/ul>\n<\/div>\n\n\n\n<div class=\"wp-block-uagb-image uagb-block-f31b7f40 wp-block-uagb-image--layout-default wp-block-uagb-image--effect-static wp-block-uagb-image--align-none\"><figure class=\"wp-block-uagb-image__figure\"><img decoding=\"async\" srcset=\"https:\/\/itpartner.si\/wp-content\/uploads\/2026\/05\/mobile_app_development-1024x1024.jpg ,https:\/\/itpartner.si\/wp-content\/uploads\/2026\/05\/mobile_app_development.jpg 780w, https:\/\/itpartner.si\/wp-content\/uploads\/2026\/05\/mobile_app_development.jpg 360w\" sizes=\"auto, (max-width: 480px) 150px\" src=\"https:\/\/itpartner.si\/wp-content\/uploads\/2026\/05\/mobile_app_development-1024x1024.jpg\" alt=\"\" class=\"uag-image-3836\" width=\"500\" height=\"500\" title=\"mobile_app_development\" loading=\"lazy\" role=\"img\"\/><\/figure><\/div>\n<\/div>\n<\/div><\/div>\n","protected":false},"excerpt":{"rendered":"<p>ITP razvojno ogrodje (JavaScript, PHP, MySQL) Razvijamo spletne aplikacije po naro\u010dilu, ki temeljijo na JavaScriptu, PHP-ju in MySQL-u ter so prilagojene specifi\u010dnim potrebam vsakega podjetja. Improving Existing Applications Izbolj\u0161ujemo in nadgrajujemo obstoje\u010de aplikacije, da postanejo u\u010dinkovitej\u0161e, zanesljivej\u0161e in enostavnej\u0161e za uporabo. Razvoj mobilnih aplikacij za Android in iOS Razvijamo mobilne aplikacije za Android in iOS, [&hellip;]<\/p>\n","protected":false},"author":1,"featured_media":0,"parent":0,"menu_order":0,"comment_status":"closed","ping_status":"closed","template":"","meta":{"_uag_custom_page_level_css":"","site-sidebar-layout":"no-sidebar","site-content-layout":"page-builder","ast-site-content-layout":"full-width-container","site-content-style":"unboxed","site-sidebar-style":"unboxed","ast-global-header-display":"","ast-banner-title-visibility":"","ast-main-header-display":"","ast-hfb-above-header-display":"","ast-hfb-below-header-display":"","ast-hfb-mobile-header-display":"","site-post-title":"disabled","ast-breadcrumbs-content":"","ast-featured-img":"disabled","footer-sml-layout":"","ast-disable-related-posts":"","theme-transparent-header-meta":"enabled","adv-header-id-meta":"","stick-header-meta":"","header-above-stick-meta":"","header-main-stick-meta":"","header-below-stick-meta":"","astra-migrate-meta-layouts":"set","ast-page-background-enabled":"default","ast-page-background-meta":{"desktop":{"background-color":"","background-image":"","background-repeat":"repeat","background-position":"center center","background-size":"auto","background-attachment":"scroll","background-type":"","background-media":"","overlay-type":"","overlay-color":"","overlay-opacity":"","overlay-gradient":""},"tablet":{"background-color":"","background-image":"","background-repeat":"repeat","background-position":"center center","background-size":"auto","background-attachment":"scroll","background-type":"","background-media":"","overlay-type":"","overlay-color":"","overlay-opacity":"","overlay-gradient":""},"mobile":{"background-color":"","background-image":"","background-repeat":"repeat","background-position":"center center","background-size":"auto","background-attachment":"scroll","background-type":"","background-media":"","overlay-type":"","overlay-color":"","overlay-opacity":"","overlay-gradient":""}},"ast-content-background-meta":{"desktop":{"background-color":"var(--ast-global-color-5)","background-image":"","background-repeat":"repeat","background-position":"center center","background-size":"auto","background-attachment":"scroll","background-type":"","background-media":"","overlay-type":"","overlay-color":"","overlay-opacity":"","overlay-gradient":""},"tablet":{"background-color":"var(--ast-global-color-5)","background-image":"","background-repeat":"repeat","background-position":"center center","background-size":"auto","background-attachment":"scroll","background-type":"","background-media":"","overlay-type":"","overlay-color":"","overlay-opacity":"","overlay-gradient":""},"mobile":{"background-color":"var(--ast-global-color-5)","background-image":"","background-repeat":"repeat","background-position":"center center","background-size":"auto","background-attachment":"scroll","background-type":"","background-media":"","overlay-type":"","overlay-color":"","overlay-opacity":"","overlay-gradient":""}},"footnotes":""},"class_list":["post-3867","page","type-page","status-publish","hentry"],"uagb_featured_image_src":{"full":false,"thumbnail":false,"medium":false,"medium_large":false,"large":false,"1536x1536":false,"2048x2048":false},"uagb_author_info":{"display_name":"itpartner1625","author_link":"https:\/\/itpartner.si\/sl\/author\/itpartner1625\/"},"uagb_comment_info":0,"uagb_excerpt":"ITP razvojno ogrodje (JavaScript, PHP, MySQL) Razvijamo spletne aplikacije po naro\u010dilu, ki temeljijo na JavaScriptu, PHP-ju in MySQL-u ter so prilagojene specifi\u010dnim potrebam vsakega podjetja. Improving Existing Applications Izbolj\u0161ujemo in nadgrajujemo obstoje\u010de aplikacije, da postanejo u\u010dinkovitej\u0161e, zanesljivej\u0161e in enostavnej\u0161e za uporabo. Razvoj mobilnih aplikacij za Android in iOS Razvijamo mobilne aplikacije za Android in iOS,&hellip;","_links":{"self":[{"href":"https:\/\/itpartner.si\/sl\/wp-json\/wp\/v2\/pages\/3867","targetHints":{"allow":["GET"]}}],"collection":[{"href":"https:\/\/itpartner.si\/sl\/wp-json\/wp\/v2\/pages"}],"about":[{"href":"https:\/\/itpartner.si\/sl\/wp-json\/wp\/v2\/types\/page"}],"author":[{"embeddable":true,"href":"https:\/\/itpartner.si\/sl\/wp-json\/wp\/v2\/users\/1"}],"replies":[{"embeddable":true,"href":"https:\/\/itpartner.si\/sl\/wp-json\/wp\/v2\/comments?post=3867"}],"version-history":[{"count":4,"href":"https:\/\/itpartner.si\/sl\/wp-json\/wp\/v2\/pages\/3867\/revisions"}],"predecessor-version":[{"id":3876,"href":"https:\/\/itpartner.si\/sl\/wp-json\/wp\/v2\/pages\/3867\/revisions\/3876"}],"wp:attachment":[{"href":"https:\/\/itpartner.si\/sl\/wp-json\/wp\/v2\/media?parent=3867"}],"curies":[{"name":"wp","href":"https:\/\/api.w.org\/{rel}","templated":true}]}}