{"id":3894,"date":"2026-05-05T15:09:15","date_gmt":"2026-05-05T14:09:15","guid":{"rendered":"https:\/\/itpartner.si\/ai-resitve\/"},"modified":"2026-05-11T15:10:45","modified_gmt":"2026-05-11T14:10:45","slug":"ai-resitve","status":"publish","type":"page","link":"https:\/\/itpartner.si\/sl\/ai-resitve\/","title":{"rendered":"AI re\u0161itve"},"content":{"rendered":"\n<div class=\"wp-block-uagb-container uagb-block-78fbda14 alignfull uagb-is-root-container\"><div class=\"uagb-container-inner-blocks-wrap\">\n<div class=\"wp-block-uagb-info-box uagb-block-38b626f9 uagb-infobox__content-wrap  uagb-infobox-icon-above-title uagb-infobox-image-valign-top\"><div class=\"uagb-ifb-content\"><div class=\"uagb-ifb-title-wrap\"><h1 class=\"uagb-ifb-title-prefix\">AI re\u0161itve<\/h1><\/div><\/div><\/div>\n<\/div><\/div>\n\n\n\n<div class=\"wp-block-uagb-container uagb-block-0682ea1d alignfull uagb-is-root-container\"><div class=\"uagb-container-inner-blocks-wrap\">\n<div class=\"wp-block-uagb-container uagb-block-d904cbea\">\n<div class=\"wp-block-uagb-container uagb-block-37158dbe\">\n<div class=\"wp-block-uagb-info-box uagb-block-1d62cba7 uagb-infobox__content-wrap  uagb-infobox-icon-above-title uagb-infobox-image-valign-top\"><div class=\"uagb-ifb-content\"><div class=\"uagb-ifb-title-wrap\"><div class=\"uagb-ifb-separator\"><\/div><h3 class=\"uagb-ifb-title\">Optimizacija spletnih strani<\/h3><\/div><\/div><\/div>\n\n\n\n<div class=\"wp-block-uagb-icon-list uagb-block-5298df66\"><div class=\"uagb-icon-list__wrap\">\n<div class=\"wp-block-uagb-icon-list-child uagb-block-3d9b3c82\"><a target=\"_self\" aria-label=\"Technical website audit\" rel=\"noopener noreferrer\" href=\"#\"> <\/a><span class=\"uagb-icon-list__source-wrap\"><svg xmlns=\"https:\/\/www.w3.org\/2000\/svg\" viewBox=\"0 0 256 512\"><path d=\"M118.6 105.4l128 127.1C252.9 239.6 256 247.8 256 255.1s-3.125 16.38-9.375 22.63l-128 127.1c-9.156 9.156-22.91 11.9-34.88 6.943S64 396.9 64 383.1V128c0-12.94 7.781-24.62 19.75-29.58S109.5 96.23 118.6 105.4z\"><\/path><\/svg><\/span><span class=\"uagb-icon-list__label\">Technical website audit<\/span><\/div>\n\n\n\n<div class=\"wp-block-uagb-icon-list-child uagb-block-2cda629f\"><a target=\"_self\" aria-label=\"SEO structure improvements\" rel=\"noopener noreferrer\" href=\"#\"> <\/a><span class=\"uagb-icon-list__source-wrap\"><svg xmlns=\"https:\/\/www.w3.org\/2000\/svg\" viewBox=\"0 0 256 512\"><path d=\"M118.6 105.4l128 127.1C252.9 239.6 256 247.8 256 255.1s-3.125 16.38-9.375 22.63l-128 127.1c-9.156 9.156-22.91 11.9-34.88 6.943S64 396.9 64 383.1V128c0-12.94 7.781-24.62 19.75-29.58S109.5 96.23 118.6 105.4z\"><\/path><\/svg><\/span><span class=\"uagb-icon-list__label\">SEO structure improvements<\/span><\/div>\n\n\n\n<div class=\"wp-block-uagb-icon-list-child uagb-block-b2644837\"><a target=\"_self\" aria-label=\"Content and keyword optimization\" rel=\"noopener noreferrer\" href=\"#\"> <\/a><span class=\"uagb-icon-list__source-wrap\"><svg xmlns=\"https:\/\/www.w3.org\/2000\/svg\" viewBox=\"0 0 256 512\"><path d=\"M118.6 105.4l128 127.1C252.9 239.6 256 247.8 256 255.1s-3.125 16.38-9.375 22.63l-128 127.1c-9.156 9.156-22.91 11.9-34.88 6.943S64 396.9 64 383.1V128c0-12.94 7.781-24.62 19.75-29.58S109.5 96.23 118.6 105.4z\"><\/path><\/svg><\/span><span class=\"uagb-icon-list__label\">Content and keyword optimization<\/span><\/div>\n\n\n\n<div class=\"wp-block-uagb-icon-list-child uagb-block-81cbbd2a\"><a target=\"_self\" aria-label=\"GEO optimization for AI search\" rel=\"noopener noreferrer\" href=\"#\"> <\/a><span class=\"uagb-icon-list__source-wrap\"><svg xmlns=\"https:\/\/www.w3.org\/2000\/svg\" viewBox=\"0 0 256 512\"><path d=\"M118.6 105.4l128 127.1C252.9 239.6 256 247.8 256 255.1s-3.125 16.38-9.375 22.63l-128 127.1c-9.156 9.156-22.91 11.9-34.88 6.943S64 396.9 64 383.1V128c0-12.94 7.781-24.62 19.75-29.58S109.5 96.23 118.6 105.4z\"><\/path><\/svg><\/span><span class=\"uagb-icon-list__label\">GEO optimization for AI search<\/span><\/div>\n<\/div><\/div>\n<\/div>\n\n\n\n<div class=\"wp-block-uagb-container uagb-block-75bd7c61\">\n<div class=\"wp-block-uagb-info-box uagb-block-4eb4800b uagb-infobox__content-wrap  uagb-infobox-icon-above-title uagb-infobox-image-valign-top\"><div class=\"uagb-ifb-content\"><div class=\"uagb-ifb-title-wrap\"><div class=\"uagb-ifb-separator\"><\/div><h3 class=\"uagb-ifb-title\">SQL optimizacije<\/h3><\/div><\/div><\/div>\n\n\n\n<div class=\"wp-block-uagb-icon-list uagb-block-52b4d1ea\"><div class=\"uagb-icon-list__wrap\">\n<div class=\"wp-block-uagb-icon-list-child uagb-block-43967be9\"><a target=\"_self\" aria-label=\"Database performance analysis\" rel=\"noopener noreferrer\" href=\"#\"> <\/a><span class=\"uagb-icon-list__source-wrap\"><svg xmlns=\"https:\/\/www.w3.org\/2000\/svg\" viewBox=\"0 0 256 512\"><path d=\"M118.6 105.4l128 127.1C252.9 239.6 256 247.8 256 255.1s-3.125 16.38-9.375 22.63l-128 127.1c-9.156 9.156-22.91 11.9-34.88 6.943S64 396.9 64 383.1V128c0-12.94 7.781-24.62 19.75-29.58S109.5 96.23 118.6 105.4z\"><\/path><\/svg><\/span><span class=\"uagb-icon-list__label\">Database performance analysis<\/span><\/div>\n\n\n\n<div class=\"wp-block-uagb-icon-list-child uagb-block-0b79edc1\"><a target=\"_self\" aria-label=\"Query speed improvements\" rel=\"noopener noreferrer\" href=\"#\"> <\/a><span class=\"uagb-icon-list__source-wrap\"><svg xmlns=\"https:\/\/www.w3.org\/2000\/svg\" viewBox=\"0 0 256 512\"><path d=\"M118.6 105.4l128 127.1C252.9 239.6 256 247.8 256 255.1s-3.125 16.38-9.375 22.63l-128 127.1c-9.156 9.156-22.91 11.9-34.88 6.943S64 396.9 64 383.1V128c0-12.94 7.781-24.62 19.75-29.58S109.5 96.23 118.6 105.4z\"><\/path><\/svg><\/span><span class=\"uagb-icon-list__label\">Query speed improvements<\/span><\/div>\n\n\n\n<div class=\"wp-block-uagb-icon-list-child uagb-block-2dd5105c\"><a target=\"_self\" aria-label=\"Index optimization\" rel=\"noopener noreferrer\" href=\"#\"> <\/a><span class=\"uagb-icon-list__source-wrap\"><svg xmlns=\"https:\/\/www.w3.org\/2000\/svg\" viewBox=\"0 0 256 512\"><path d=\"M118.6 105.4l128 127.1C252.9 239.6 256 247.8 256 255.1s-3.125 16.38-9.375 22.63l-128 127.1c-9.156 9.156-22.91 11.9-34.88 6.943S64 396.9 64 383.1V128c0-12.94 7.781-24.62 19.75-29.58S109.5 96.23 118.6 105.4z\"><\/path><\/svg><\/span><span class=\"uagb-icon-list__label\">Index optimization<\/span><\/div>\n\n\n\n<div class=\"wp-block-uagb-icon-list-child uagb-block-27a03638\"><a target=\"_self\" aria-label=\"Reduced server load\" rel=\"noopener noreferrer\" href=\"#\"> <\/a><span class=\"uagb-icon-list__source-wrap\"><svg xmlns=\"https:\/\/www.w3.org\/2000\/svg\" viewBox=\"0 0 256 512\"><path d=\"M118.6 105.4l128 127.1C252.9 239.6 256 247.8 256 255.1s-3.125 16.38-9.375 22.63l-128 127.1c-9.156 9.156-22.91 11.9-34.88 6.943S64 396.9 64 383.1V128c0-12.94 7.781-24.62 19.75-29.58S109.5 96.23 118.6 105.4z\"><\/path><\/svg><\/span><span class=\"uagb-icon-list__label\">Reduced server load<br><\/span><\/div>\n<\/div><\/div>\n<\/div>\n\n\n<\/div>\n<\/div><\/div>\n\n\n\n<div class=\"wp-block-uagb-container uagb-block-4e055757 alignfull uagb-is-root-container\"><div class=\"uagb-container-inner-blocks-wrap\">\n<div class=\"wp-block-uagb-container uagb-block-f9dbfcfe\">\n<div class=\"wp-block-group is-layout-constrained wp-container-core-group-is-layout-4bcd944c wp-block-group-is-layout-constrained\" style=\"padding-right:var(--wp--preset--spacing--30);padding-left:var(--wp--preset--spacing--30)\">\n<h2 class=\"wp-block-heading\">Optimizacija spletnih strani<\/h2>\n\n\n\n<p class=\"myjustify\">Optimiziramo spletne strani za izbolj\u0161anje delovanja, vidnosti v iskalnikih in uporabni\u0161ke izku\u0161nje. Na\u0161 proces se za\u010dne s celovitim pregledom spletne strani, kjer prepoznamo tehni\u010dne te\u017eave, SEO pomanjkljivosti in mo\u017enosti za izbolj\u0161avo vsebine. Na podlagi analize pripravimo jasen na\u010drt optimizacije ter se najprej osredoto\u010dimo na spremembe, ki prinesejo najbolj\u0161e rezultate.  <\/p>\n\n\n\n<p class=\"myjustify\">Izbolj\u0161ujemo hitrost spletne strani, strukturo, metapodatke, notranje povezave in kakovost vsebine. Spletne strani pripravljamo tudi na sodobno iskanje, podprto z umetno inteligenco, z GEO optimizacijo, ki pomaga, da je va\u0161a vsebina bolje vidna tako v spletnih iskalnikih kot tudi v AI orodjih za odgovore. <\/p>\n\n\n\n<p><strong>Na kaj se osredoto\u010damo:<\/strong><\/p>\n\n\n\n<ul class=\"wp-block-list\">\n<li>Tehni\u010dna analiza spletne strani in SEO analiza<\/li>\n\n\n\n<li>Hitrej\u0161a hitrost nalaganja in bolj\u0161a struktura<\/li>\n\n\n\n<li>Optimizacija vsebine, klju\u010dnih besed in metapodatkov<\/li>\n\n\n\n<li>GEO optimizacija za AI iskanje<\/li>\n\n\n\n<li>Stalno spremljanje in izbolj\u0161evanje<\/li>\n<\/ul>\n<\/div>\n\n\n\n<div class=\"wp-block-uagb-image uagb-block-d443ca57 wp-block-uagb-image--layout-default wp-block-uagb-image--effect-static wp-block-uagb-image--align-none\"><figure class=\"wp-block-uagb-image__figure\"><img decoding=\"async\" srcset=\"https:\/\/itpartner.si\/wp-content\/uploads\/2026\/05\/website_optimizations-1024x1024.jpg ,https:\/\/itpartner.si\/wp-content\/uploads\/2026\/05\/website_optimizations.jpg 780w, https:\/\/itpartner.si\/wp-content\/uploads\/2026\/05\/website_optimizations.jpg 360w\" sizes=\"auto, (max-width: 480px) 150px\" src=\"https:\/\/itpartner.si\/wp-content\/uploads\/2026\/05\/website_optimizations-1024x1024.jpg\" alt=\"\" class=\"uag-image-3828\" width=\"500\" height=\"500\" title=\"website_optimizations\" loading=\"lazy\" role=\"img\"\/><\/figure><\/div>\n<\/div>\n\n\n\n<hr class=\"wp-block-separator has-alpha-channel-opacity is-style-wide\" style=\"margin-top:var(--wp--preset--spacing--80);margin-bottom:var(--wp--preset--spacing--80)\"\/>\n\n\n\n<div class=\"wp-block-uagb-container uagb-block-37a84e22 alignfull uagb-is-root-container\"><div class=\"uagb-container-inner-blocks-wrap\">\n<div class=\"wp-block-group mobile-row-stack mobile-text-first is-nowrap is-layout-flex wp-container-core-group-is-layout-6c531013 wp-block-group-is-layout-flex\">\n<div class=\"wp-block-uagb-image uagb-block-b3c6cb9d wp-block-uagb-image--layout-default wp-block-uagb-image--effect-static wp-block-uagb-image--align-none image-part\"><figure class=\"wp-block-uagb-image__figure\"><img decoding=\"async\" srcset=\"https:\/\/itpartner.si\/wp-content\/uploads\/2026\/05\/SQL_optimizations-1024x1024.jpg ,https:\/\/itpartner.si\/wp-content\/uploads\/2026\/05\/SQL_optimizations.jpg 780w, https:\/\/itpartner.si\/wp-content\/uploads\/2026\/05\/SQL_optimizations.jpg 360w\" sizes=\"auto, (max-width: 480px) 150px\" src=\"https:\/\/itpartner.si\/wp-content\/uploads\/2026\/05\/SQL_optimizations-1024x1024.jpg\" alt=\"\" class=\"uag-image-3829\" width=\"500\" height=\"500\" title=\"SQL_optimizations\" loading=\"lazy\" role=\"img\"\/><\/figure><\/div>\n\n\n\n<div class=\"wp-block-uagb-container uagb-block-807ed5fb\">\n<div class=\"wp-block-group text-part is-layout-constrained wp-container-core-group-is-layout-4bcd944c wp-block-group-is-layout-constrained\" style=\"padding-right:var(--wp--preset--spacing--30);padding-left:var(--wp--preset--spacing--30)\">\n<h2 class=\"wp-block-heading\">SQL optimizacije<\/h2>\n\n\n\n<p class=\"myjustify\">Po\u010dasne podatkovne baze lahko vplivajo na celotno delovanje spletne strani, aplikacije ali internega sistema. S SQL optimizacijo analiziramo poizvedbe v podatkovni bazi, indekse in strukturo, da odkrijemo ozka grla ter izbolj\u0161amo splo\u0161no hitrost delovanja. <\/p>\n\n\n\n<p class=\"myjustify\">Optimiziramo po\u010dasne poizvedbe, izbolj\u0161ujemo indeksiranje in zmanj\u0161ujemo nepotrebno obremenitev stre\u017enika. Rezultat so hitrej\u0161a obdelava podatkov, bolj gladko delovanje aplikacij in stabilnej\u0161i sistem. <\/p>\n\n\n\n<p><strong>Kaj izbolj\u0161ujemo:<\/strong><\/p>\n\n\n\n<ul class=\"wp-block-list\">\n<li>Po\u010dasne SQL poizvedbe<\/li>\n\n\n\n<li>Database indexes<\/li>\n\n\n\n<li>Indeksi podatkovne baze<\/li>\n\n\n\n<li>Zmogljivost stre\u017enika<\/li>\n\n\n\n<li>Odzivni \u010das aplikacije<\/li>\n<\/ul>\n<\/div>\n<\/div>\n<\/div>\n<\/div><\/div>\n\n\n\n\n<\/div><\/div>\n","protected":false},"excerpt":{"rendered":"<p>Optimizacija spletnih strani Optimiziramo spletne strani za izbolj\u0161anje delovanja, vidnosti v iskalnikih in uporabni\u0161ke izku\u0161nje. Na\u0161 proces se za\u010dne s celovitim pregledom spletne strani, kjer prepoznamo tehni\u010dne te\u017eave, SEO pomanjkljivosti in mo\u017enosti za izbolj\u0161avo vsebine. Na podlagi analize pripravimo jasen na\u010drt optimizacije ter se najprej osredoto\u010dimo na spremembe, ki prinesejo najbolj\u0161e rezultate. Izbolj\u0161ujemo hitrost spletne [&hellip;]<\/p>\n","protected":false},"author":1,"featured_media":0,"parent":0,"menu_order":0,"comment_status":"closed","ping_status":"closed","template":"","meta":{"_uag_custom_page_level_css":"","site-sidebar-layout":"no-sidebar","site-content-layout":"page-builder","ast-site-content-layout":"full-width-container","site-content-style":"unboxed","site-sidebar-style":"unboxed","ast-global-header-display":"","ast-banner-title-visibility":"","ast-main-header-display":"","ast-hfb-above-header-display":"","ast-hfb-below-header-display":"","ast-hfb-mobile-header-display":"","site-post-title":"disabled","ast-breadcrumbs-content":"","ast-featured-img":"disabled","footer-sml-layout":"","ast-disable-related-posts":"","theme-transparent-header-meta":"enabled","adv-header-id-meta":"","stick-header-meta":"","header-above-stick-meta":"","header-main-stick-meta":"","header-below-stick-meta":"","astra-migrate-meta-layouts":"set","ast-page-background-enabled":"default","ast-page-background-meta":{"desktop":{"background-color":"","background-image":"","background-repeat":"repeat","background-position":"center center","background-size":"auto","background-attachment":"scroll","background-type":"","background-media":"","overlay-type":"","overlay-color":"","overlay-opacity":"","overlay-gradient":""},"tablet":{"background-color":"","background-image":"","background-repeat":"repeat","background-position":"center center","background-size":"auto","background-attachment":"scroll","background-type":"","background-media":"","overlay-type":"","overlay-color":"","overlay-opacity":"","overlay-gradient":""},"mobile":{"background-color":"","background-image":"","background-repeat":"repeat","background-position":"center center","background-size":"auto","background-attachment":"scroll","background-type":"","background-media":"","overlay-type":"","overlay-color":"","overlay-opacity":"","overlay-gradient":""}},"ast-content-background-meta":{"desktop":{"background-color":"var(--ast-global-color-5)","background-image":"","background-repeat":"repeat","background-position":"center center","background-size":"auto","background-attachment":"scroll","background-type":"","background-media":"","overlay-type":"","overlay-color":"","overlay-opacity":"","overlay-gradient":""},"tablet":{"background-color":"var(--ast-global-color-5)","background-image":"","background-repeat":"repeat","background-position":"center center","background-size":"auto","background-attachment":"scroll","background-type":"","background-media":"","overlay-type":"","overlay-color":"","overlay-opacity":"","overlay-gradient":""},"mobile":{"background-color":"var(--ast-global-color-5)","background-image":"","background-repeat":"repeat","background-position":"center center","background-size":"auto","background-attachment":"scroll","background-type":"","background-media":"","overlay-type":"","overlay-color":"","overlay-opacity":"","overlay-gradient":""}},"footnotes":""},"class_list":["post-3894","page","type-page","status-publish","hentry"],"uagb_featured_image_src":{"full":false,"thumbnail":false,"medium":false,"medium_large":false,"large":false,"1536x1536":false,"2048x2048":false},"uagb_author_info":{"display_name":"itpartner1625","author_link":"https:\/\/itpartner.si\/sl\/author\/itpartner1625\/"},"uagb_comment_info":0,"uagb_excerpt":"Optimizacija spletnih strani Optimiziramo spletne strani za izbolj\u0161anje delovanja, vidnosti v iskalnikih in uporabni\u0161ke izku\u0161nje. Na\u0161 proces se za\u010dne s celovitim pregledom spletne strani, kjer prepoznamo tehni\u010dne te\u017eave, SEO pomanjkljivosti in mo\u017enosti za izbolj\u0161avo vsebine. Na podlagi analize pripravimo jasen na\u010drt optimizacije ter se najprej osredoto\u010dimo na spremembe, ki prinesejo najbolj\u0161e rezultate. Izbolj\u0161ujemo hitrost spletne&hellip;","_links":{"self":[{"href":"https:\/\/itpartner.si\/sl\/wp-json\/wp\/v2\/pages\/3894","targetHints":{"allow":["GET"]}}],"collection":[{"href":"https:\/\/itpartner.si\/sl\/wp-json\/wp\/v2\/pages"}],"about":[{"href":"https:\/\/itpartner.si\/sl\/wp-json\/wp\/v2\/types\/page"}],"author":[{"embeddable":true,"href":"https:\/\/itpartner.si\/sl\/wp-json\/wp\/v2\/users\/1"}],"replies":[{"embeddable":true,"href":"https:\/\/itpartner.si\/sl\/wp-json\/wp\/v2\/comments?post=3894"}],"version-history":[{"count":3,"href":"https:\/\/itpartner.si\/sl\/wp-json\/wp\/v2\/pages\/3894\/revisions"}],"predecessor-version":[{"id":3982,"href":"https:\/\/itpartner.si\/sl\/wp-json\/wp\/v2\/pages\/3894\/revisions\/3982"}],"wp:attachment":[{"href":"https:\/\/itpartner.si\/sl\/wp-json\/wp\/v2\/media?parent=3894"}],"curies":[{"name":"wp","href":"https:\/\/api.w.org\/{rel}","templated":true}]}}